{"id":6,"date":"2009-09-08T00:47:00","date_gmt":"2009-09-07T22:47:00","guid":{"rendered":"http:\/\/www.proenser.com\/?page_id=6"},"modified":"2021-06-15T14:19:59","modified_gmt":"2021-06-15T12:19:59","slug":"oferta","status":"publish","type":"page","link":"http:\/\/www.proenser.com\/?page_id=6","title":{"rendered":"Oferta"},"content":{"rendered":"<p><a href=\"\/?p=93\"><span style=\"color: #333300;\"><strong>Diagnostyka \u0142o\u017cysk tocznych i \u015blizgowych, diagnostyka silnik\u00f3w, turbospr\u0119\u017carek, turbozespo\u0142\u00f3w<\/strong><\/span><\/a><\/p>\n<p><a href=\"\/?p=96\"><span style=\"color: #333300;\"><strong>Przemys\u0142owe pomiary termowizyjne<\/strong><\/span><\/a><\/p>\n<p><a href=\"\/?p=108 \"><span style=\"color: #333300;\"><strong>Wywa\u017canie wirnik\u00f3w wentylator\u00f3w, osiowanie\u00a0nap\u0119d\u00f3w, doradztwo techniczne, nadzory techniczne\u00a0<\/strong><\/span><\/a><\/p>\n<p><a href=\"\/?p=169 \"><span style=\"color: #333300;\"><strong>Precyzyjne Pomiary Przemys\u0142owe<\/strong><\/span><\/a><\/p>\n","protected":false},"excerpt":{"rendered":"<p>Diagnostyka \u0142o\u017cysk tocznych i \u015blizgowych, diagnostyka silnik\u00f3w, turbospr\u0119\u017carek, turbozespo\u0142\u00f3w Przemys\u0142owe pomiary termowizyjne Wywa\u017canie wirnik\u00f3w wentylator\u00f3w, osiowanie\u00a0nap\u0119d\u00f3w, doradztwo techniczne, nadzory techniczne\u00a0 Precyzyjne Pomiary Przemys\u0142owe<\/p>\n","protected":false},"author":1,"featured_media":0,"parent":0,"menu_order":2,"comment_status":"closed","ping_status":"open","template":"","meta":[],"_links":{"self":[{"href":"http:\/\/www.proenser.com\/index.php?rest_route=\/wp\/v2\/pages\/6"}],"collection":[{"href":"http:\/\/www.proenser.com\/index.php?rest_route=\/wp\/v2\/pages"}],"about":[{"href":"http:\/\/www.proenser.com\/index.php?rest_route=\/wp\/v2\/types\/page"}],"author":[{"embeddable":true,"href":"http:\/\/www.proenser.com\/index.php?rest_route=\/wp\/v2\/users\/1"}],"replies":[{"embeddable":true,"href":"http:\/\/www.proenser.com\/index.php?rest_route=%2Fwp%2Fv2%2Fcomments&post=6"}],"version-history":[{"count":40,"href":"http:\/\/www.proenser.com\/index.php?rest_route=\/wp\/v2\/pages\/6\/revisions"}],"predecessor-version":[{"id":283,"href":"http:\/\/www.proenser.com\/index.php?rest_route=\/wp\/v2\/pages\/6\/revisions\/283"}],"wp:attachment":[{"href":"http:\/\/www.proenser.com\/index.php?rest_route=%2Fwp%2Fv2%2Fmedia&parent=6"}],"curies":[{"name":"wp","href":"https:\/\/api.w.org\/{rel}","templated":true}]}}